{"id":16,"date":"2014-01-21T19:28:21","date_gmt":"2014-01-21T19:28:21","guid":{"rendered":"http:\/\/www.nyirsegtrans.hu\/?page_id=16"},"modified":"2023-07-07T18:30:55","modified_gmt":"2023-07-07T18:30:55","slug":"jarmuflotta","status":"publish","type":"page","link":"https:\/\/nyirsegtrans.hu\/?page_id=16","title":{"rendered":"J\u00e1rm\u0171flotta"},"content":{"rendered":"\n<p>Kamionparkunk korszer\u0171, EURO VI min\u0151s\u00edt\u00e9s\u0171. A szerelv\u00e9nyek \u00e1tlag\u00e9letkora 2-3 \u00e9v.<\/p>\n\n\n\n<p>Jelenleg 40 vontat\u00f3val (Volvo, MAN, Mercedes, Ford) \u00e9s 64 p\u00f3tkocsival (Schwarzm\u00fcller, Krone, K\u00f6gel) \u00e1llunk a megb\u00edz\u00f3ink rendelkez\u00e9s\u00e9re.<\/p>\n\n\n\n<p><u>\u00c1llom\u00e1nyunk:<\/u><\/p>\n\n\n\n<p>Norm\u00e1l nyerges: 53 db (rol\u00f3ponyv\u00e1s, XL certifik\u00e1tos)<br>\u2013 m\u00e9ret (hossz\u00fas\u00e1g x sz\u00e9less\u00e9g x magass\u00e1g): 13,62 x 2,48 x 2,78 m<br>\u2013 befogad\u00f3k\u00e9pess\u00e9g: 97 m3, 33 paletta<\/p>\n\n\n\n<p>Mega nyerges: 8 db (emelhet\u0151 tet\u0151s, rol\u00f3ponyv\u00e1s, XL certifik\u00e1tos, Michelin konformos)<br>\u2013 m\u00e9ret (hossz\u00fas\u00e1g x sz\u00e9less\u00e9g x magass\u00e1g): 13,60 x 2.48 x 3,05 m<br>\u2013 befogad\u00f3k\u00e9pess\u00e9g: 102 m3, 33 paletta<br>\u2013 tet\u0151szerkezet: rol\u00f3tet\u0151s<\/p>\n\n\n\n<p>H\u0171t\u0151s nyerges: 4 db<br>\u2013 m\u00e9ret (hossz\u00fas\u00e1g x sz\u00e9less\u00e9g x magass\u00e1g): 13,35 x 2.46 x 2,65 m<br>\u2013 befogad\u00f3k\u00e9pess\u00e9g: 89 m3, 33 paletta<br>\u2013 tet\u0151szerkezet: rol\u00f3tet\u0151s<\/p>\n\n\n\n<p>Az \u00f6sszes aut\u00f3nk fel van szerelve \u00fczemanyag \u00e9s aut\u00f3p\u00e1lya fizet\u00e9sre alkalmas eszk\u00f6z\u00f6kkel, k\u00e1rty\u00e1kkal (Tollcollect, Toll2Go, ProntoSAT, MOL, SHELL, AS24, Eurotoll).<\/p>\n\n\n\n<p>A jav\u00edt\u00f3 \u00e9s a karbantart\u00f3 m\u0171hely munk\u00e1j\u00e1nak k\u00f6sz\u00f6nhet\u0151en a j\u00e1rm\u0171flotta megfelel a leg\u00fajabb biztons\u00e1gi, k\u00f6rnyezetv\u00e9delmi \u00e9s higi\u00e9niai norm\u00e1knak.<\/p>\n","protected":false},"excerpt":{"rendered":"<p>Kamionparkunk korszer\u0171, EURO VI min\u0151s\u00edt\u00e9s\u0171. A szerelv\u00e9nyek \u00e1tlag\u00e9letkora 2-3 \u00e9v. Jelenleg 40 vontat\u00f3val (Volvo, MAN, Mercedes, Ford) \u00e9s 64 p\u00f3tkocsival (Schwarzm\u00fcller, Krone, K\u00f6gel) \u00e1llunk a megb\u00edz\u00f3ink rendelkez\u00e9s\u00e9re. \u00c1llom\u00e1nyunk: Norm\u00e1l nyerges: 53 db (rol\u00f3ponyv\u00e1s, XL certifik\u00e1tos)\u2013 m\u00e9ret (hossz\u00fas\u00e1g x sz\u00e9less\u00e9g x magass\u00e1g): 13,62 x 2,48 x 2,78 m\u2013 befogad\u00f3k\u00e9pess\u00e9g: 97 m3, 33 paletta Mega nyerges: 8 [&hellip;]<\/p>\n","protected":false},"author":1,"featured_media":0,"parent":0,"menu_order":0,"comment_status":"closed","ping_status":"closed","template":"","meta":[],"_links":{"self":[{"href":"https:\/\/nyirsegtrans.hu\/index.php?rest_route=\/wp\/v2\/pages\/16"}],"collection":[{"href":"https:\/\/nyirsegtrans.hu\/index.php?rest_route=\/wp\/v2\/pages"}],"about":[{"href":"https:\/\/nyirsegtrans.hu\/index.php?rest_route=\/wp\/v2\/types\/page"}],"author":[{"embeddable":true,"href":"https:\/\/nyirsegtrans.hu\/index.php?rest_route=\/wp\/v2\/users\/1"}],"replies":[{"embeddable":true,"href":"https:\/\/nyirsegtrans.hu\/index.php?rest_route=%2Fwp%2Fv2%2Fcomments&post=16"}],"version-history":[{"count":7,"href":"https:\/\/nyirsegtrans.hu\/index.php?rest_route=\/wp\/v2\/pages\/16\/revisions"}],"predecessor-version":[{"id":204,"href":"https:\/\/nyirsegtrans.hu\/index.php?rest_route=\/wp\/v2\/pages\/16\/revisions\/204"}],"wp:attachment":[{"href":"https:\/\/nyirsegtrans.hu\/index.php?rest_route=%2Fwp%2Fv2%2Fmedia&parent=16"}],"curies":[{"name":"wp","href":"https:\/\/api.w.org\/{rel}","templated":true}]}}