{"id":19,"date":"2014-01-21T19:28:33","date_gmt":"2014-01-21T19:28:33","guid":{"rendered":"http:\/\/www.nyirsegtrans.hu\/?page_id=19"},"modified":"2022-10-19T06:25:31","modified_gmt":"2022-10-19T06:25:31","slug":"dolgozoink","status":"publish","type":"page","link":"https:\/\/nyirsegtrans.hu\/?page_id=19","title":{"rendered":"Dolgoz\u00f3ink"},"content":{"rendered":"\n<p class=\"has-text-align-center\">A Ny\u00edrs\u00e9g Trans Kft. jelenleg 64 f\u0151t foglalkoztat: 51 g\u00e9pj\u00e1rm\u0171vezet\u0151t, <br>9 szellemi dolgoz\u00f3t \u00e9s 3 szerel\u0151t.<\/p>\n\n\n\n<p><\/p>\n\n\n\n<p class=\"has-text-align-center\">Szervezeti egys\u00e9gek:<\/p>\n\n\n\n<blockquote class=\"wp-block-quote\"><p><span style=\"text-decoration: underline;\">Vezet\u0151s\u00e9g:<\/span><br>K\u00e9ninger Andr\u00e1s<br>K\u00e9ninger Roland<\/p><\/blockquote>\n\n\n\n<p><\/p>\n\n\n\n<blockquote class=\"wp-block-quote\"><p><span style=\"text-decoration: underline;\">K\u00f6nyvel\u00e9s, p\u00e9nz\u00fcgy:<\/span><br>Sznopek Andrea<br>P\u00e1ka \u00c1rp\u00e1dn\u00e9<\/p><\/blockquote>\n\n\n\n<p><\/p>\n\n\n\n<blockquote class=\"wp-block-quote\"><p><span style=\"text-decoration: underline;\">Adminisztr\u00e1ci\u00f3:<\/span><br>Hepp Mih\u00e1lyn\u00e9<br>K\u00e9ninger-Hajdu Ren\u00e1ta<br>T\u00f3th Istv\u00e1nn\u00e9<\/p><\/blockquote>\n\n\n\n<p><\/p>\n\n\n\n<blockquote class=\"wp-block-quote\"><p><span style=\"text-decoration: underline;\">Fuvarszervez\u00e9s:<\/span><br>Bakti R\u00f3bert<br>Szab\u00f3 L\u00e1szl\u00f3<br>Sz\u0171cs Bal\u00e1zs<br>V\u00e9csei Csaba<\/p><\/blockquote>\n\n\n\n<p><\/p>\n\n\n\n<blockquote class=\"wp-block-quote\"><p><span style=\"text-decoration: underline;\">M\u0171szaki dolgoz\u00f3k:<\/span><br>G\u00e1bri Istv\u00e1n<br>Somogyi Tibor<br>Kar\u00e1szi J\u00f3zsef<\/p><\/blockquote>\n","protected":false},"excerpt":{"rendered":"<p>A Ny\u00edrs\u00e9g Trans Kft. jelenleg 64 f\u0151t foglalkoztat: 51 g\u00e9pj\u00e1rm\u0171vezet\u0151t, 9 szellemi dolgoz\u00f3t \u00e9s 3 szerel\u0151t. Szervezeti egys\u00e9gek: Vezet\u0151s\u00e9g:K\u00e9ninger Andr\u00e1sK\u00e9ninger Roland K\u00f6nyvel\u00e9s, p\u00e9nz\u00fcgy:Sznopek AndreaP\u00e1ka \u00c1rp\u00e1dn\u00e9 Adminisztr\u00e1ci\u00f3:Hepp Mih\u00e1lyn\u00e9K\u00e9ninger-Hajdu Ren\u00e1taT\u00f3th Istv\u00e1nn\u00e9 Fuvarszervez\u00e9s:Bakti R\u00f3bertSzab\u00f3 L\u00e1szl\u00f3Sz\u0171cs Bal\u00e1zsV\u00e9csei Csaba M\u0171szaki dolgoz\u00f3k:G\u00e1bri Istv\u00e1nSomogyi TiborKar\u00e1szi J\u00f3zsef<\/p>\n","protected":false},"author":1,"featured_media":0,"parent":0,"menu_order":0,"comment_status":"closed","ping_status":"closed","template":"","meta":[],"_links":{"self":[{"href":"https:\/\/nyirsegtrans.hu\/index.php?rest_route=\/wp\/v2\/pages\/19"}],"collection":[{"href":"https:\/\/nyirsegtrans.hu\/index.php?rest_route=\/wp\/v2\/pages"}],"about":[{"href":"https:\/\/nyirsegtrans.hu\/index.php?rest_route=\/wp\/v2\/types\/page"}],"author":[{"embeddable":true,"href":"https:\/\/nyirsegtrans.hu\/index.php?rest_route=\/wp\/v2\/users\/1"}],"replies":[{"embeddable":true,"href":"https:\/\/nyirsegtrans.hu\/index.php?rest_route=%2Fwp%2Fv2%2Fcomments&post=19"}],"version-history":[{"count":35,"href":"https:\/\/nyirsegtrans.hu\/index.php?rest_route=\/wp\/v2\/pages\/19\/revisions"}],"predecessor-version":[{"id":178,"href":"https:\/\/nyirsegtrans.hu\/index.php?rest_route=\/wp\/v2\/pages\/19\/revisions\/178"}],"wp:attachment":[{"href":"https:\/\/nyirsegtrans.hu\/index.php?rest_route=%2Fwp%2Fv2%2Fmedia&parent=19"}],"curies":[{"name":"wp","href":"https:\/\/api.w.org\/{rel}","templated":true}]}}