{"id":2,"date":"2014-01-21T15:49:06","date_gmt":"2014-01-21T15:49:06","guid":{"rendered":"http:\/\/www.nyirsegtrans.hu\/?page_id=2"},"modified":"2023-04-22T09:13:54","modified_gmt":"2023-04-22T09:13:54","slug":"ez-egy-minta-oldal","status":"publish","type":"page","link":"https:\/\/nyirsegtrans.hu\/?page_id=2","title":{"rendered":"C\u00e9ginform\u00e1ci\u00f3"},"content":{"rendered":"\n<p>C\u00e9g\u00fcnk 1990-ben alakult Ny\u00edrs\u00e9g Trans Kft. n\u00e9ven, belf\u00f6ldi \u00e9s nemzetk\u00f6zi fuvaroz\u00e1si tev\u00e9kenys\u00e9get v\u00e9gz\u0151 gazd\u00e1lkod\u00f3 szervezetk\u00e9nt. M\u00e1ra m\u00e1r els\u0151sorban a nemzetk\u00f6zi \u00e1rusz\u00e1ll\u00edt\u00e1sra terjesztett\u00fck ki tev\u00e9kenys\u00e9g\u00fcnket.<\/p>\n\n\n\n<p>V\u00e1llalkoz\u00e1sunk folyamatosan n\u00f6vekv\u0151 m\u00e9ret\u00e9t a hossz\u00fa t\u00e1vra leszerz\u0151d\u00f6tt partnerek fuvarmegb\u00edz\u00e1sai tett\u00e9k lehet\u0151v\u00e9. Sz\u00e9khely\u00fcnk 12.000 m2 alapter\u00fclet\u0171, ahol az iroda \u00e9p\u00fclet\u00e9n k\u00edv\u00fcl t\u00f6bb \u00e1ll\u00e1sos szerel\u0151m\u0171hely, kamionmos\u00f3, t\u00f6bb szelekt\u00edv rakt\u00e1r, fedett \u00fczemanyagk\u00fat, kamion \u00e9s szem\u00e9lyzeti parkol\u00f3 tal\u00e1lhat\u00f3. G\u00e9pj\u00e1rm\u0171veink mindegyike rendelkezik CASCO \u00e9s k\u00f6telez\u0151 felel\u0151ss\u00e9g-biztos\u00edt\u00e1ssal.<\/p>\n\n\n\n<p>Term\u00e9szetesen a nemzetk\u00f6zi fuvaroz\u00e1st v\u00e9gz\u0151 szerelv\u00e9nyeink CMR felel\u0151ss\u00e9g-biztos\u00edt\u00e1ssal is rendelkeznek. Mindezek mellett fontosnak tartottuk a j\u00e1rm\u0171vek biztons\u00e1ga, \u00e9s a folyamatos nyomon k\u00f6vethet\u0151s\u00e9ge \u00e9rdek\u00e9ben a m\u0171holdas helymeghat\u00e1roz\u00f3 &#8211; GPS &#8211; rendszer haszn\u00e1lat\u00e1t. Ez\u00e1ltal percre k\u00e9sz inform\u00e1ci\u00f3nk van a kamion helyzet\u00e9r\u0151l, sebess\u00e9g\u00e9r\u0151l, \u00e9rkez\u00e9si idej\u00e9r\u0151l, stb. A Kft. ISO 9001:2001 min\u0151s\u00edt\u00e9ssel rendelkezik.<br><strong><br><iframe loading=\"lazy\" src=\"\/\/www.youtube.com\/embed\/G--RSbKGVdY\" allowfullscreen=\"allowfullscreen\" width=\"640\" height=\"360\" frameborder=\"0\"><\/iframe><\/strong><\/p>\n","protected":false},"excerpt":{"rendered":"<p>C\u00e9g\u00fcnk 1990-ben alakult Ny\u00edrs\u00e9g Trans Kft. n\u00e9ven, belf\u00f6ldi \u00e9s nemzetk\u00f6zi fuvaroz\u00e1si tev\u00e9kenys\u00e9get v\u00e9gz\u0151 gazd\u00e1lkod\u00f3 szervezetk\u00e9nt. M\u00e1ra m\u00e1r els\u0151sorban a nemzetk\u00f6zi \u00e1rusz\u00e1ll\u00edt\u00e1sra terjesztett\u00fck ki tev\u00e9kenys\u00e9g\u00fcnket. V\u00e1llalkoz\u00e1sunk folyamatosan n\u00f6vekv\u0151 m\u00e9ret\u00e9t a hossz\u00fa t\u00e1vra leszerz\u0151d\u00f6tt partnerek fuvarmegb\u00edz\u00e1sai tett\u00e9k lehet\u0151v\u00e9. Sz\u00e9khely\u00fcnk 12.000 m2 alapter\u00fclet\u0171, ahol az iroda \u00e9p\u00fclet\u00e9n k\u00edv\u00fcl t\u00f6bb \u00e1ll\u00e1sos szerel\u0151m\u0171hely, kamionmos\u00f3, t\u00f6bb szelekt\u00edv rakt\u00e1r, fedett \u00fczemanyagk\u00fat, kamion [&hellip;]<\/p>\n","protected":false},"author":1,"featured_media":0,"parent":0,"menu_order":0,"comment_status":"closed","ping_status":"closed","template":"","meta":[],"_links":{"self":[{"href":"https:\/\/nyirsegtrans.hu\/index.php?rest_route=\/wp\/v2\/pages\/2"}],"collection":[{"href":"https:\/\/nyirsegtrans.hu\/index.php?rest_route=\/wp\/v2\/pages"}],"about":[{"href":"https:\/\/nyirsegtrans.hu\/index.php?rest_route=\/wp\/v2\/types\/page"}],"author":[{"embeddable":true,"href":"https:\/\/nyirsegtrans.hu\/index.php?rest_route=\/wp\/v2\/users\/1"}],"replies":[{"embeddable":true,"href":"https:\/\/nyirsegtrans.hu\/index.php?rest_route=%2Fwp%2Fv2%2Fcomments&post=2"}],"version-history":[{"count":4,"href":"https:\/\/nyirsegtrans.hu\/index.php?rest_route=\/wp\/v2\/pages\/2\/revisions"}],"predecessor-version":[{"id":189,"href":"https:\/\/nyirsegtrans.hu\/index.php?rest_route=\/wp\/v2\/pages\/2\/revisions\/189"}],"wp:attachment":[{"href":"https:\/\/nyirsegtrans.hu\/index.php?rest_route=%2Fwp%2Fv2%2Fmedia&parent=2"}],"curies":[{"name":"wp","href":"https:\/\/api.w.org\/{rel}","templated":true}]}}