{"id":23,"date":"2014-01-21T19:29:01","date_gmt":"2014-01-21T19:29:01","guid":{"rendered":"http:\/\/www.nyirsegtrans.hu\/?page_id=23"},"modified":"2023-04-22T09:15:03","modified_gmt":"2023-04-22T09:15:03","slug":"elerhetoseg","status":"publish","type":"page","link":"https:\/\/nyirsegtrans.hu\/?page_id=23","title":{"rendered":"El\u00e9rhet\u0151s\u00e9g"},"content":{"rendered":"\n<p><b>Ny\u00edrs\u00e9g Trans Kft.<\/b><br>4552 Napkor, P\u00e1skom u. 29.<br><b><br>Tel.:<\/b> +36 (42) 337-887<br><b>Fax:<\/b> +36 (42) 337-300<br><b>E-mail:<\/b> <a href=\"mailto:info@nyirsegtrans.hu\">info@nyirsegtrans.hu<\/a><\/p>\n\n\n\n<p><iframe loading=\"lazy\" style=\"border: 0;\" src=\"https:\/\/www.google.com\/maps\/embed?pb=!1m14!1m8!1m3!1d85525.42762895523!2d21.82441243513833!3d47.94277415962931!3m2!1i1024!2i768!4f13.1!3m3!1m2!1s0x47389c54e7a0a3f7%3A0xeee3aa2a623fbd71!2sP%C3%A1skom+utca+29!5e0!3m2!1shu!2sus!4v1402060781457\" width=\"500\" height=\"300\" frameborder=\"0\"><\/iframe><\/p>\n","protected":false},"excerpt":{"rendered":"<p>Ny\u00edrs\u00e9g Trans Kft.4552 Napkor, P\u00e1skom u. 29.Tel.: +36 (42) 337-887Fax: +36 (42) 337-300E-mail: info@nyirsegtrans.hu<\/p>\n","protected":false},"author":1,"featured_media":0,"parent":0,"menu_order":0,"comment_status":"closed","ping_status":"closed","template":"","meta":[],"_links":{"self":[{"href":"https:\/\/nyirsegtrans.hu\/index.php?rest_route=\/wp\/v2\/pages\/23"}],"collection":[{"href":"https:\/\/nyirsegtrans.hu\/index.php?rest_route=\/wp\/v2\/pages"}],"about":[{"href":"https:\/\/nyirsegtrans.hu\/index.php?rest_route=\/wp\/v2\/types\/page"}],"author":[{"embeddable":true,"href":"https:\/\/nyirsegtrans.hu\/index.php?rest_route=\/wp\/v2\/users\/1"}],"replies":[{"embeddable":true,"href":"https:\/\/nyirsegtrans.hu\/index.php?rest_route=%2Fwp%2Fv2%2Fcomments&post=23"}],"version-history":[{"count":14,"href":"https:\/\/nyirsegtrans.hu\/index.php?rest_route=\/wp\/v2\/pages\/23\/revisions"}],"predecessor-version":[{"id":190,"href":"https:\/\/nyirsegtrans.hu\/index.php?rest_route=\/wp\/v2\/pages\/23\/revisions\/190"}],"wp:attachment":[{"href":"https:\/\/nyirsegtrans.hu\/index.php?rest_route=%2Fwp%2Fv2%2Fmedia&parent=23"}],"curies":[{"name":"wp","href":"https:\/\/api.w.org\/{rel}","templated":true}]}}