{"id":78,"date":"2014-02-25T07:16:22","date_gmt":"2014-02-25T07:16:22","guid":{"rendered":"http:\/\/www.nyirsegtrans.hu\/?page_id=78"},"modified":"2023-04-22T09:29:26","modified_gmt":"2023-04-22T09:29:26","slug":"minosegbiztositas","status":"publish","type":"page","link":"https:\/\/nyirsegtrans.hu\/?page_id=78","title":{"rendered":"Min\u0151s\u00e9gbiztos\u00edt\u00e1s"},"content":{"rendered":"\n<p><a href=\"belfoldi_arubiztositas.pdf\">Belf\u00f6ldi \u00e1rubiztos\u00edt\u00e1s<\/a><br><a href=\"cmr_bizt.pdf\">CMR biztos\u00edt\u00e1s<\/a><br><a href=\"tanusitvany.pdf\">Tan\u00fas\u00edtv\u00e1ny<\/a><\/p>\n\n\n<div class=\"wp-block-image\">\n<figure class=\"aligncenter\"><img loading=\"lazy\" width=\"197\" height=\"149\" src=\"https:\/\/nyirsegtrans.hu\/wp-content\/uploads\/2014\/02\/0.png\" alt=\"0\" class=\"wp-image-108\"\/><\/figure><\/div>\n\n\n<p><\/p>\n\n\n<div class=\"wp-block-image\">\n<figure class=\"aligncenter\"><a href=\"https:\/\/nyirsegtrans.hu\/wp-content\/uploads\/2017\/10\/opten_2017.jpg\"><img loading=\"lazy\" width=\"457\" height=\"179\" src=\"https:\/\/nyirsegtrans.hu\/wp-content\/uploads\/2017\/10\/opten_2017.jpg\" alt=\"\" class=\"wp-image-125\" srcset=\"https:\/\/nyirsegtrans.hu\/wp-content\/uploads\/2017\/10\/opten_2017.jpg 457w, https:\/\/nyirsegtrans.hu\/wp-content\/uploads\/2017\/10\/opten_2017-300x118.jpg 300w\" sizes=\"(max-width: 457px) 100vw, 457px\" \/><\/a><\/figure><\/div>","protected":false},"excerpt":{"rendered":"<p>Belf\u00f6ldi \u00e1rubiztos\u00edt\u00e1sCMR biztos\u00edt\u00e1sTan\u00fas\u00edtv\u00e1ny<\/p>\n","protected":false},"author":1,"featured_media":0,"parent":0,"menu_order":0,"comment_status":"closed","ping_status":"closed","template":"","meta":[],"_links":{"self":[{"href":"https:\/\/nyirsegtrans.hu\/index.php?rest_route=\/wp\/v2\/pages\/78"}],"collection":[{"href":"https:\/\/nyirsegtrans.hu\/index.php?rest_route=\/wp\/v2\/pages"}],"about":[{"href":"https:\/\/nyirsegtrans.hu\/index.php?rest_route=\/wp\/v2\/types\/page"}],"author":[{"embeddable":true,"href":"https:\/\/nyirsegtrans.hu\/index.php?rest_route=\/wp\/v2\/users\/1"}],"replies":[{"embeddable":true,"href":"https:\/\/nyirsegtrans.hu\/index.php?rest_route=%2Fwp%2Fv2%2Fcomments&post=78"}],"version-history":[{"count":7,"href":"https:\/\/nyirsegtrans.hu\/index.php?rest_route=\/wp\/v2\/pages\/78\/revisions"}],"predecessor-version":[{"id":194,"href":"https:\/\/nyirsegtrans.hu\/index.php?rest_route=\/wp\/v2\/pages\/78\/revisions\/194"}],"wp:attachment":[{"href":"https:\/\/nyirsegtrans.hu\/index.php?rest_route=%2Fwp%2Fv2%2Fmedia&parent=78"}],"curies":[{"name":"wp","href":"https:\/\/api.w.org\/{rel}","templated":true}]}}